{"id":5208,"date":"2014-08-06T08:41:09","date_gmt":"2014-08-06T08:41:09","guid":{"rendered":"https:\/\/sadma.com.mx\/v2\/gallery-infinite-scroll\/"},"modified":"2022-07-24T03:21:45","modified_gmt":"2022-07-24T03:21:45","slug":"lavado-de-interiores","status":"publish","type":"page","link":"https:\/\/sadma.com.mx\/v2\/lavado-de-interiores\/","title":{"rendered":"Lavado de interiores"},"content":{"rendered":"\t\t<div data-elementor-type=\"wp-page\" data-elementor-id=\"5208\" class=\"elementor elementor-5208\">\n\t\t\t\t\t\t\t\t\t<header class=\"elementor-section elementor-top-section elementor-element elementor-element-1d91b52 elementor-section-full_width elementor-section-height-min-height elementor-section-content-top elementor-section-stretched elementor-section-height-default elementor-section-items-middle\" data-id=\"1d91b52\" data-element_type=\"section\" data-settings=\"{&quot;background_background&quot;:&quot;slideshow&quot;,&quot;stretch_section&quot;:&quot;section-stretched&quot;,&quot;shape_divider_bottom&quot;:&quot;triangle-asymmetrical&quot;,&quot;background_slideshow_gallery&quot;:[{&quot;id&quot;:6362,&quot;url&quot;:&quot;https:\\\/\\\/sadma.com.mx\\\/v2\\\/wp-content\\\/uploads\\\/2020\\\/10\\\/15538648_1128815267167837_954566329896009728_n.jpg&quot;},{&quot;id&quot;:370,&quot;url&quot;:&quot;https:\\\/\\\/sadma.com.mx\\\/v2\\\/wp-content\\\/uploads\\\/2022\\\/06\\\/4.jpg&quot;},{&quot;id&quot;:372,&quot;url&quot;:&quot;https:\\\/\\\/sadma.com.mx\\\/v2\\\/wp-content\\\/uploads\\\/2022\\\/06\\\/Vinil2.jpg&quot;}],&quot;background_slideshow_loop&quot;:&quot;yes&quot;,&quot;background_slideshow_slide_duration&quot;:5000,&quot;background_slideshow_slide_transition&quot;:&quot;fade&quot;,&quot;background_slideshow_transition_duration&quot;:500}\">\n\t\t\t\t\t\t\t<div class=\"elementor-background-overlay\"><\/div>\n\t\t\t\t\t\t<div class=\"elementor-shape elementor-shape-bottom\" data-negative=\"false\">\n\t\t\t<svg xmlns=\"http:\/\/www.w3.org\/2000\/svg\" viewBox=\"0 0 1000 100\" preserveAspectRatio=\"none\">\n\t<path class=\"elementor-shape-fill\" d=\"M738,99l262-93V0H0v5.6L738,99z\"\/>\n<\/svg>\t\t<\/div>\n\t\t\t\t\t<div class=\"elementor-container elementor-column-gap-no\">\n\t\t\t\t\t<div class=\"elementor-column elementor-col-100 elementor-top-column elementor-element elementor-element-2964cb7\" data-id=\"2964cb7\" data-element_type=\"column\">\n\t\t\t<div class=\"elementor-widget-wrap elementor-element-populated\">\n\t\t\t\t\t\t\t\t<div class=\"elementor-element elementor-element-9f97275 elementor-invisible elementor-widget elementor-widget-heading\" data-id=\"9f97275\" data-element_type=\"widget\" data-settings=\"{&quot;_animation&quot;:&quot;zoomIn&quot;}\" data-widget_type=\"heading.default\">\n\t\t\t\t<div class=\"elementor-widget-container\">\n\t\t\t<style>\/*! elementor - v3.6.6 - 08-06-2022 *\/\n.elementor-heading-title{padding:0;margin:0;line-height:1}.elementor-widget-heading .elementor-heading-title[class*=elementor-size-]>a{color:inherit;font-size:inherit;line-height:inherit}.elementor-widget-heading .elementor-heading-title.elementor-size-small{font-size:15px}.elementor-widget-heading .elementor-heading-title.elementor-size-medium{font-size:19px}.elementor-widget-heading .elementor-heading-title.elementor-size-large{font-size:29px}.elementor-widget-heading .elementor-heading-title.elementor-size-xl{font-size:39px}.elementor-widget-heading .elementor-heading-title.elementor-size-xxl{font-size:59px}<\/style><h1 class=\"elementor-heading-title elementor-size-default\">En Sadma existen algunos secretos de belleza automotriz<\/h1>\t\t<\/div>\n\t\t\t\t<\/div>\n\t\t\t\t<div class=\"elementor-element elementor-element-502e5fc elementor-invisible elementor-widget elementor-widget-heading\" data-id=\"502e5fc\" data-element_type=\"widget\" data-settings=\"{&quot;_animation&quot;:&quot;zoomIn&quot;}\" data-widget_type=\"heading.default\">\n\t\t\t\t<div class=\"elementor-widget-container\">\n\t\t\t<h1 class=\"elementor-heading-title elementor-size-default\">Recuerda que al adquirir tu membres\u00eda Sadma Exclusive obtienes excelentes beneficios!<\/h1>\t\t<\/div>\n\t\t\t\t<\/div>\n\t\t\t\t\t<\/div>\n\t\t<\/div>\n\t\t\t\t\t\t\t<\/div>\n\t\t<\/header>\n\t\t\t\t<section class=\"elementor-section elementor-top-section elementor-element elementor-element-30b1c6c elementor-section-boxed elementor-section-height-default elementor-section-height-default\" data-id=\"30b1c6c\" data-element_type=\"section\">\n\t\t\t\t\t\t<div class=\"elementor-container elementor-column-gap-no\">\n\t\t\t\t\t<div class=\"elementor-column elementor-col-100 elementor-top-column elementor-element elementor-element-c6a2e3e\" data-id=\"c6a2e3e\" data-element_type=\"column\">\n\t\t\t<div class=\"elementor-widget-wrap elementor-element-populated\">\n\t\t\t\t\t\t\t\t<div class=\"elementor-element elementor-element-52af0b4 elementor-widget elementor-widget-heading\" data-id=\"52af0b4\" data-element_type=\"widget\" data-widget_type=\"heading.default\">\n\t\t\t\t<div class=\"elementor-widget-container\">\n\t\t\t<h2 class=\"elementor-heading-title elementor-size-default\">Lavado de interiores<\/h2>\t\t<\/div>\n\t\t\t\t<\/div>\n\t\t\t\t<div class=\"elementor-element elementor-element-42e66da elementor-widget elementor-widget-text-editor\" data-id=\"42e66da\" data-element_type=\"widget\" data-widget_type=\"text-editor.default\">\n\t\t\t\t<div class=\"elementor-widget-container\">\n\t\t\t<style>\/*! elementor - v3.6.6 - 08-06-2022 *\/\n.elementor-widget-text-editor.elementor-drop-cap-view-stacked .elementor-drop-cap{background-color:#818a91;color:#fff}.elementor-widget-text-editor.elementor-drop-cap-view-framed .elementor-drop-cap{color:#818a91;border:3px solid;background-color:transparent}.elementor-widget-text-editor:not(.elementor-drop-cap-view-default) .elementor-drop-cap{margin-top:8px}.elementor-widget-text-editor:not(.elementor-drop-cap-view-default) .elementor-drop-cap-letter{width:1em;height:1em}.elementor-widget-text-editor .elementor-drop-cap{float:left;text-align:center;line-height:1;font-size:50px}.elementor-widget-text-editor .elementor-drop-cap-letter{display:inline-block}<\/style>\t\t\t\t<p>\u00a0<\/p><p>EL LAVADO FRECUENTE DEL VEH\u00cdCULO PERMITE QUE SE CONSERVE DURANTE M\u00c1S A\u00d1OS EN BUEN ESTADO.<\/p><p>UN AUTO BIEN CUIDADO REFLEJA LA PERSONALIDAD DE SU DUE\u00d1O Y, AUNQUE MUCHOS NO LO CREAN, PUEDE SER UN DETALLE A TOMAR EN CONSIDERACI\u00d3N INCLUSO EN LOS NEGOCIOS.<\/p><p>\u00a0<\/p><p>PERO LOS BENEFICIOS DE TENER UN AUTO LIMPIO VAN MUCHO M\u00c1S ALL\u00c1. AS\u00cd, EL LAVADO FRECUENTE Y LA LIMPIEZA DEL INTERIOR DEL VEH\u00cdCULO PERMITEN QUE \u00c9STE CONSERVE SU BUEN FUNCIONAMIENTO DURANTE LARGOS A\u00d1OS.<\/p><p>ADEM\u00c1S, UN CUIDADO CONSTANTE PUEDE INCREMENTAR SU POTENCIAL PRECIO DE REVENTA CUANDO LLEGUE LA HORA DE CAMBIARLO POR UN \u201c\u00daLTIMO MODELO\u201d.<\/p><p>\u00a0<\/p><p>EN SADMA EXISTEN ALGUNOS SECRETOS DE BELLEZA AUTOMOTRIZ.<\/p>\t\t\t\t\t\t<\/div>\n\t\t\t\t<\/div>\n\t\t\t\t\t<\/div>\n\t\t<\/div>\n\t\t\t\t\t\t\t<\/div>\n\t\t<\/section>\n\t\t\t\t\t\t\t<\/div>\n\t\t","protected":false},"excerpt":{"rendered":"<p>En Sadma existen algunos secretos de belleza automotriz Recuerda que al adquirir tu membres\u00eda Sadma Exclusive obtienes excelentes beneficios! Lavado de interiores \u00a0 EL LAVADO FRECUENTE DEL VEH\u00cdCULO PERMITE QUE [&hellip;]<\/p>\n","protected":false},"author":1,"featured_media":0,"parent":0,"menu_order":0,"comment_status":"open","ping_status":"closed","template":"elementor_header_footer","meta":[],"featured_media_urls":[],"_links":{"self":[{"href":"https:\/\/sadma.com.mx\/v2\/wp-json\/wp\/v2\/pages\/5208"}],"collection":[{"href":"https:\/\/sadma.com.mx\/v2\/wp-json\/wp\/v2\/pages"}],"about":[{"href":"https:\/\/sadma.com.mx\/v2\/wp-json\/wp\/v2\/types\/page"}],"author":[{"embeddable":true,"href":"https:\/\/sadma.com.mx\/v2\/wp-json\/wp\/v2\/users\/1"}],"replies":[{"embeddable":true,"href":"https:\/\/sadma.com.mx\/v2\/wp-json\/wp\/v2\/comments?post=5208"}],"version-history":[{"count":13,"href":"https:\/\/sadma.com.mx\/v2\/wp-json\/wp\/v2\/pages\/5208\/revisions"}],"predecessor-version":[{"id":8213,"href":"https:\/\/sadma.com.mx\/v2\/wp-json\/wp\/v2\/pages\/5208\/revisions\/8213"}],"wp:attachment":[{"href":"https:\/\/sadma.com.mx\/v2\/wp-json\/wp\/v2\/media?parent=5208"}],"curies":[{"name":"wp","href":"https:\/\/api.w.org\/{rel}","templated":true}]}}